{"id":22,"date":"2020-10-24T09:02:52","date_gmt":"2020-10-24T07:02:52","guid":{"rendered":"http:\/\/kilen.tv\/?page_id=22"},"modified":"2021-04-15T15:38:55","modified_gmt":"2021-04-15T13:38:55","slug":"trudne-pytania","status":"publish","type":"page","link":"https:\/\/kilentv.pl\/index.php\/trudne-pytania\/","title":{"rendered":"Gwiazdy pod ostrza\u0142em"},"content":{"rendered":"\t\t<div data-elementor-type=\"wp-page\" data-elementor-id=\"22\" class=\"elementor elementor-22\" data-elementor-settings=\"[]\">\n\t\t\t\t\t\t<div class=\"elementor-inner\">\n\t\t\t\t\t\t\t<div class=\"elementor-section-wrap\">\n\t\t\t\t\t\t\t<section class=\"elementor-section elementor-top-section elementor-element elementor-element-4952d57 elementor-section-boxed elementor-section-height-default elementor-section-height-default\" data-id=\"4952d57\" data-element_type=\"section\">\n\t\t\t\t\t\t<div class=\"elementor-container elementor-column-gap-default\">\n\t\t\t\t\t\t\t<div class=\"elementor-row\">\n\t\t\t\t\t<div class=\"elementor-column elementor-col-100 elementor-top-column elementor-element elementor-element-3e1edc6\" data-id=\"3e1edc6\" data-element_type=\"column\">\n\t\t\t<div class=\"elementor-column-wrap elementor-element-populated\">\n\t\t\t\t\t\t\t<div class=\"elementor-widget-wrap\">\n\t\t\t\t\t\t<div class=\"elementor-element elementor-element-4571226 elementor-widget elementor-widget-text-editor\" data-id=\"4571226\" data-element_type=\"widget\" data-widget_type=\"text-editor.default\">\n\t\t\t\t<div class=\"elementor-widget-container\">\n\t\t\t\t\t\t\t\t<div class=\"elementor-text-editor elementor-clearfix\">\n\t\t\t\t<p><strong>Monika Tarka i Robert Kilen<\/strong> zadaj\u0105 znanym osobom <strong>Trudne pytania.<\/strong> Odpowied\u017a na nie wymaga dystansu do siebie i&#8230; odwagi. Zobaczcie, czy kt\u00f3re\u015b z pyta\u0144 wytr\u0105ci gwiazdy z r\u00f3wnowagi.<\/p>\t\t\t\t\t<\/div>\n\t\t\t\t\t\t<\/div>\n\t\t\t\t<\/div>\n\t\t\t\t\t\t<\/div>\n\t\t\t\t\t<\/div>\n\t\t<\/div>\n\t\t\t\t\t\t\t\t<\/div>\n\t\t\t\t\t<\/div>\n\t\t<\/section>\n\t\t\t\t<section class=\"elementor-section elementor-top-section elementor-element elementor-element-2cfa8dd elementor-section-boxed elementor-section-height-default elementor-section-height-default\" data-id=\"2cfa8dd\" data-element_type=\"section\">\n\t\t\t\t\t\t<div class=\"elementor-container elementor-column-gap-default\">\n\t\t\t\t\t\t\t<div class=\"elementor-row\">\n\t\t\t\t\t<div class=\"elementor-column elementor-col-33 elementor-top-column elementor-element elementor-element-7baaa22\" data-id=\"7baaa22\" data-element_type=\"column\">\n\t\t\t<div class=\"elementor-column-wrap elementor-element-populated\">\n\t\t\t\t\t\t\t<div class=\"elementor-widget-wrap\">\n\t\t\t\t\t\t<div class=\"elementor-element elementor-element-5e37066 elementor-aspect-ratio-169 elementor-widget elementor-widget-video\" data-id=\"5e37066\" data-element_type=\"widget\" data-settings=\"{&quot;youtube_url&quot;:&quot;https:\\\/\\\/www.youtube.com\\\/watch?v=uk63avfyxbk&amp;t=13s&quot;,&quot;video_type&quot;:&quot;youtube&quot;,&quot;controls&quot;:&quot;yes&quot;,&quot;aspect_ratio&quot;:&quot;169&quot;}\" data-widget_type=\"video.default\">\n\t\t\t\t<div class=\"elementor-widget-container\">\n\t\t\t\t\t<div class=\"elementor-wrapper elementor-fit-aspect-ratio elementor-open-inline\">\n\t\t\t<div class=\"elementor-video\"><\/div>\t\t<\/div>\n\t\t\t\t<\/div>\n\t\t\t\t<\/div>\n\t\t\t\t\t\t<\/div>\n\t\t\t\t\t<\/div>\n\t\t<\/div>\n\t\t\t\t<div class=\"elementor-column elementor-col-33 elementor-top-column elementor-element elementor-element-81c3c1a\" data-id=\"81c3c1a\" data-element_type=\"column\">\n\t\t\t<div class=\"elementor-column-wrap\">\n\t\t\t\t\t\t\t<div class=\"elementor-widget-wrap\">\n\t\t\t\t\t\t\t\t<\/div>\n\t\t\t\t\t<\/div>\n\t\t<\/div>\n\t\t\t\t<div class=\"elementor-column elementor-col-33 elementor-top-column elementor-element elementor-element-40a93d7\" data-id=\"40a93d7\" data-element_type=\"column\">\n\t\t\t<div class=\"elementor-column-wrap elementor-element-populated\">\n\t\t\t\t\t\t\t<div class=\"elementor-widget-wrap\">\n\t\t\t\t\t\t<div class=\"elementor-element elementor-element-066070e elementor-aspect-ratio-169 elementor-widget elementor-widget-video\" data-id=\"066070e\" data-element_type=\"widget\" data-settings=\"{&quot;youtube_url&quot;:&quot;https:\\\/\\\/www.youtube.com\\\/watch?v=6LWnPoZWlNM&amp;t=34s&quot;,&quot;video_type&quot;:&quot;youtube&quot;,&quot;controls&quot;:&quot;yes&quot;,&quot;aspect_ratio&quot;:&quot;169&quot;}\" data-widget_type=\"video.default\">\n\t\t\t\t<div class=\"elementor-widget-container\">\n\t\t\t\t\t<div class=\"elementor-wrapper elementor-fit-aspect-ratio elementor-open-inline\">\n\t\t\t<div class=\"elementor-video\"><\/div>\t\t<\/div>\n\t\t\t\t<\/div>\n\t\t\t\t<\/div>\n\t\t\t\t\t\t<\/div>\n\t\t\t\t\t<\/div>\n\t\t<\/div>\n\t\t\t\t\t\t\t\t<\/div>\n\t\t\t\t\t<\/div>\n\t\t<\/section>\n\t\t\t\t\t\t<\/div>\n\t\t\t\t\t\t<\/div>\n\t\t\t\t\t<\/div>\n\t\t","protected":false},"excerpt":{"rendered":"<p>Chcecie pozna\u0107 nowinki ze \u015bwiata wirtualnego i rzeczywistego ? Spotkajmy si\u0119 codziennie razem przy \u015bniadaniu . Jako dziennikarze jeste\u015bmy \u0142owcami najciekawszych informacji. Codziennie przegl\u0105damy setki kana\u0142\u00f3w informacyjnych. Nasi znajomi na Facebooku czy Instagramie, ci znani i ci zupe\u0142nie nieznani, udost\u0119pniaj\u0105 tysi\u0105ce informacji dziennie. Tymi najciekawszymi i naj\u015bmieszniejszymi b\u0119dziemy si\u0119 z wami dzieli\u0107 codziennie przy \u015bniadaniu.<\/p>\n","protected":false},"author":1,"featured_media":0,"parent":0,"menu_order":0,"comment_status":"closed","ping_status":"closed","template":"","meta":[],"yoast_head":"<!-- This site is optimized with the Yoast SEO plugin v18.2 - https:\/\/yoast.com\/wordpress\/plugins\/seo\/ -->\n<title>Gwiazdy pod ostrza\u0142em - Kilen TV<\/title>\n<meta name=\"robots\" content=\"index, follow, max-snippet:-1, max-image-preview:large, max-video-preview:-1\" \/>\n<link rel=\"canonical\" href=\"https:\/\/kilentv.pl\/index.php\/trudne-pytania\/\" \/>\n<meta property=\"og:locale\" content=\"pl_PL\" \/>\n<meta property=\"og:type\" content=\"article\" \/>\n<meta property=\"og:title\" content=\"Gwiazdy pod ostrza\u0142em - Kilen TV\" \/>\n<meta property=\"og:description\" content=\"Chcecie pozna\u0107 nowinki ze \u015bwiata wirtualnego i rzeczywistego ? Spotkajmy si\u0119 codziennie razem przy \u015bniadaniu . Jako dziennikarze jeste\u015bmy \u0142owcami najciekawszych informacji. Codziennie przegl\u0105damy setki kana\u0142\u00f3w informacyjnych. Nasi znajomi na Facebooku czy Instagramie, ci znani i ci zupe\u0142nie nieznani, udost\u0119pniaj\u0105 tysi\u0105ce informacji dziennie. Tymi najciekawszymi i naj\u015bmieszniejszymi b\u0119dziemy si\u0119 z wami dzieli\u0107 codziennie przy \u015bniadaniu.\" \/>\n<meta property=\"og:url\" content=\"https:\/\/kilentv.pl\/index.php\/trudne-pytania\/\" \/>\n<meta property=\"og:site_name\" content=\"Kilen TV\" \/>\n<meta property=\"article:modified_time\" content=\"2021-04-15T13:38:55+00:00\" \/>\n<meta name=\"twitter:card\" content=\"summary_large_image\" \/>\n<script type=\"application\/ld+json\" class=\"yoast-schema-graph\">{\"@context\":\"https:\/\/schema.org\",\"@graph\":[{\"@type\":\"Organization\",\"@id\":\"http:\/\/kilentv.pl\/#organization\",\"name\":\"Kilen TV\",\"url\":\"http:\/\/kilentv.pl\/\",\"sameAs\":[],\"logo\":{\"@type\":\"ImageObject\",\"@id\":\"http:\/\/kilentv.pl\/#logo\",\"inLanguage\":\"pl-PL\",\"url\":\"http:\/\/kilen.tv\/wp-content\/uploads\/2019\/09\/LOGO_V2_JPG.jpg\",\"contentUrl\":\"http:\/\/kilen.tv\/wp-content\/uploads\/2019\/09\/LOGO_V2_JPG.jpg\",\"width\":5000,\"height\":3000,\"caption\":\"Kilen TV\"},\"image\":{\"@id\":\"http:\/\/kilentv.pl\/#logo\"}},{\"@type\":\"WebSite\",\"@id\":\"http:\/\/kilentv.pl\/#website\",\"url\":\"http:\/\/kilentv.pl\/\",\"name\":\"Kilen TV\",\"description\":\"Gwiazdy w nietypowych sytuacjach\",\"publisher\":{\"@id\":\"http:\/\/kilentv.pl\/#organization\"},\"potentialAction\":[{\"@type\":\"SearchAction\",\"target\":{\"@type\":\"EntryPoint\",\"urlTemplate\":\"http:\/\/kilentv.pl\/?s={search_term_string}\"},\"query-input\":\"required name=search_term_string\"}],\"inLanguage\":\"pl-PL\"},{\"@type\":\"WebPage\",\"@id\":\"https:\/\/kilentv.pl\/index.php\/trudne-pytania\/#webpage\",\"url\":\"https:\/\/kilentv.pl\/index.php\/trudne-pytania\/\",\"name\":\"Gwiazdy pod ostrza\u0142em - Kilen TV\",\"isPartOf\":{\"@id\":\"http:\/\/kilentv.pl\/#website\"},\"datePublished\":\"2020-10-24T07:02:52+00:00\",\"dateModified\":\"2021-04-15T13:38:55+00:00\",\"breadcrumb\":{\"@id\":\"https:\/\/kilentv.pl\/index.php\/trudne-pytania\/#breadcrumb\"},\"inLanguage\":\"pl-PL\",\"potentialAction\":[{\"@type\":\"ReadAction\",\"target\":[\"https:\/\/kilentv.pl\/index.php\/trudne-pytania\/\"]}]},{\"@type\":\"BreadcrumbList\",\"@id\":\"https:\/\/kilentv.pl\/index.php\/trudne-pytania\/#breadcrumb\",\"itemListElement\":[{\"@type\":\"ListItem\",\"position\":1,\"name\":\"Strona g\u0142\u00f3wna\",\"item\":\"http:\/\/kilentv.pl\/\"},{\"@type\":\"ListItem\",\"position\":2,\"name\":\"Gwiazdy pod ostrza\u0142em\"}]}]}<\/script>\n<!-- \/ Yoast SEO plugin. -->","yoast_head_json":{"title":"Gwiazdy pod ostrza\u0142em - Kilen TV","robots":{"index":"index","follow":"follow","max-snippet":"max-snippet:-1","max-image-preview":"max-image-preview:large","max-video-preview":"max-video-preview:-1"},"canonical":"https:\/\/kilentv.pl\/index.php\/trudne-pytania\/","og_locale":"pl_PL","og_type":"article","og_title":"Gwiazdy pod ostrza\u0142em - Kilen TV","og_description":"Chcecie pozna\u0107 nowinki ze \u015bwiata wirtualnego i rzeczywistego ? Spotkajmy si\u0119 codziennie razem przy \u015bniadaniu . Jako dziennikarze jeste\u015bmy \u0142owcami najciekawszych informacji. Codziennie przegl\u0105damy setki kana\u0142\u00f3w informacyjnych. Nasi znajomi na Facebooku czy Instagramie, ci znani i ci zupe\u0142nie nieznani, udost\u0119pniaj\u0105 tysi\u0105ce informacji dziennie. Tymi najciekawszymi i naj\u015bmieszniejszymi b\u0119dziemy si\u0119 z wami dzieli\u0107 codziennie przy \u015bniadaniu.","og_url":"https:\/\/kilentv.pl\/index.php\/trudne-pytania\/","og_site_name":"Kilen TV","article_modified_time":"2021-04-15T13:38:55+00:00","twitter_card":"summary_large_image","schema":{"@context":"https:\/\/schema.org","@graph":[{"@type":"Organization","@id":"http:\/\/kilentv.pl\/#organization","name":"Kilen TV","url":"http:\/\/kilentv.pl\/","sameAs":[],"logo":{"@type":"ImageObject","@id":"http:\/\/kilentv.pl\/#logo","inLanguage":"pl-PL","url":"http:\/\/kilen.tv\/wp-content\/uploads\/2019\/09\/LOGO_V2_JPG.jpg","contentUrl":"http:\/\/kilen.tv\/wp-content\/uploads\/2019\/09\/LOGO_V2_JPG.jpg","width":5000,"height":3000,"caption":"Kilen TV"},"image":{"@id":"http:\/\/kilentv.pl\/#logo"}},{"@type":"WebSite","@id":"http:\/\/kilentv.pl\/#website","url":"http:\/\/kilentv.pl\/","name":"Kilen TV","description":"Gwiazdy w nietypowych sytuacjach","publisher":{"@id":"http:\/\/kilentv.pl\/#organization"},"potentialAction":[{"@type":"SearchAction","target":{"@type":"EntryPoint","urlTemplate":"http:\/\/kilentv.pl\/?s={search_term_string}"},"query-input":"required name=search_term_string"}],"inLanguage":"pl-PL"},{"@type":"WebPage","@id":"https:\/\/kilentv.pl\/index.php\/trudne-pytania\/#webpage","url":"https:\/\/kilentv.pl\/index.php\/trudne-pytania\/","name":"Gwiazdy pod ostrza\u0142em - Kilen TV","isPartOf":{"@id":"http:\/\/kilentv.pl\/#website"},"datePublished":"2020-10-24T07:02:52+00:00","dateModified":"2021-04-15T13:38:55+00:00","breadcrumb":{"@id":"https:\/\/kilentv.pl\/index.php\/trudne-pytania\/#breadcrumb"},"inLanguage":"pl-PL","potentialAction":[{"@type":"ReadAction","target":["https:\/\/kilentv.pl\/index.php\/trudne-pytania\/"]}]},{"@type":"BreadcrumbList","@id":"https:\/\/kilentv.pl\/index.php\/trudne-pytania\/#breadcrumb","itemListElement":[{"@type":"ListItem","position":1,"name":"Strona g\u0142\u00f3wna","item":"http:\/\/kilentv.pl\/"},{"@type":"ListItem","position":2,"name":"Gwiazdy pod ostrza\u0142em"}]}]}},"_links":{"self":[{"href":"https:\/\/kilentv.pl\/index.php\/wp-json\/wp\/v2\/pages\/22"}],"collection":[{"href":"https:\/\/kilentv.pl\/index.php\/wp-json\/wp\/v2\/pages"}],"about":[{"href":"https:\/\/kilentv.pl\/index.php\/wp-json\/wp\/v2\/types\/page"}],"author":[{"embeddable":true,"href":"https:\/\/kilentv.pl\/index.php\/wp-json\/wp\/v2\/users\/1"}],"replies":[{"embeddable":true,"href":"https:\/\/kilentv.pl\/index.php\/wp-json\/wp\/v2\/comments?post=22"}],"version-history":[{"count":6,"href":"https:\/\/kilentv.pl\/index.php\/wp-json\/wp\/v2\/pages\/22\/revisions"}],"predecessor-version":[{"id":297,"href":"https:\/\/kilentv.pl\/index.php\/wp-json\/wp\/v2\/pages\/22\/revisions\/297"}],"wp:attachment":[{"href":"https:\/\/kilentv.pl\/index.php\/wp-json\/wp\/v2\/media?parent=22"}],"curies":[{"name":"wp","href":"https:\/\/api.w.org\/{rel}","templated":true}]}}