{"id":20,"date":"2019-10-24T09:02:52","date_gmt":"2019-10-24T07:02:52","guid":{"rendered":"http:\/\/kilen.tv\/?page_id=20"},"modified":"2021-04-15T17:45:50","modified_gmt":"2021-04-15T15:45:50","slug":"poza-kamerami","status":"publish","type":"page","link":"https:\/\/kilentv.pl\/index.php\/poza-kamerami\/","title":{"rendered":"Poza kamerami"},"content":{"rendered":"\t\t<div data-elementor-type=\"wp-page\" data-elementor-id=\"20\" class=\"elementor elementor-20\" data-elementor-settings=\"[]\">\n\t\t\t\t\t\t<div class=\"elementor-inner\">\n\t\t\t\t\t\t\t<div class=\"elementor-section-wrap\">\n\t\t\t\t\t\t\t<section class=\"elementor-section elementor-top-section elementor-element elementor-element-704cc6c elementor-section-boxed elementor-section-height-default elementor-section-height-default\" data-id=\"704cc6c\" data-element_type=\"section\">\n\t\t\t\t\t\t<div class=\"elementor-container elementor-column-gap-default\">\n\t\t\t\t\t\t\t<div class=\"elementor-row\">\n\t\t\t\t\t<div class=\"elementor-column elementor-col-100 elementor-top-column elementor-element elementor-element-df2e764\" data-id=\"df2e764\" data-element_type=\"column\">\n\t\t\t<div class=\"elementor-column-wrap elementor-element-populated\">\n\t\t\t\t\t\t\t<div class=\"elementor-widget-wrap\">\n\t\t\t\t\t\t<div class=\"elementor-element elementor-element-7c1ae72 elementor-aspect-ratio-169 elementor-widget elementor-widget-video\" data-id=\"7c1ae72\" data-element_type=\"widget\" data-settings=\"{&quot;video_type&quot;:&quot;hosted&quot;,&quot;controls&quot;:&quot;yes&quot;,&quot;aspect_ratio&quot;:&quot;169&quot;}\" data-widget_type=\"video.default\">\n\t\t\t\t<div class=\"elementor-widget-container\">\n\t\t\t\t\t<div class=\"e-hosted-video elementor-wrapper elementor-fit-aspect-ratio elementor-open-inline\">\n\t\t\t\t\t<video class=\"elementor-video\" src=\"http:\/\/kilen.tv\/wp-content\/uploads\/2019\/11\/video-1573314077.mp4\" controls=\"\" controlsList=\"nodownload\"><\/video>\n\t\t\t\t<\/div>\n\t\t\t\t<\/div>\n\t\t\t\t<\/div>\n\t\t\t\t<section class=\"elementor-section elementor-inner-section elementor-element elementor-element-53a88bf elementor-section-boxed elementor-section-height-default elementor-section-height-default\" data-id=\"53a88bf\" data-element_type=\"section\">\n\t\t\t\t\t\t<div class=\"elementor-container elementor-column-gap-default\">\n\t\t\t\t\t\t\t<div class=\"elementor-row\">\n\t\t\t\t\t<div class=\"elementor-column elementor-col-50 elementor-inner-column elementor-element elementor-element-e5e45cd\" data-id=\"e5e45cd\" data-element_type=\"column\">\n\t\t\t<div class=\"elementor-column-wrap elementor-element-populated\">\n\t\t\t\t\t\t\t<div class=\"elementor-widget-wrap\">\n\t\t\t\t\t\t<div class=\"elementor-element elementor-element-003a946 elementor-widget elementor-widget-text-editor\" data-id=\"003a946\" data-element_type=\"widget\" data-widget_type=\"text-editor.default\">\n\t\t\t\t<div class=\"elementor-widget-container\">\n\t\t\t\t\t\t\t\t<div class=\"elementor-text-editor elementor-clearfix\">\n\t\t\t\t<p>Kto zjad\u0142 potraw\u0119 przygotowan\u0105 z resztek\u00a0 z kampingowej lod\u00f3wki przez <strong>szefa piekielnej kuchni Micha\u0142a Brysia<\/strong> ?<\/p>\t\t\t\t\t<\/div>\n\t\t\t\t\t\t<\/div>\n\t\t\t\t<\/div>\n\t\t\t\t\t\t<\/div>\n\t\t\t\t\t<\/div>\n\t\t<\/div>\n\t\t\t\t<div class=\"elementor-column elementor-col-50 elementor-inner-column elementor-element elementor-element-0f8e017\" data-id=\"0f8e017\" data-element_type=\"column\">\n\t\t\t<div class=\"elementor-column-wrap elementor-element-populated\">\n\t\t\t\t\t\t\t<div class=\"elementor-widget-wrap\">\n\t\t\t\t\t\t<div class=\"elementor-element elementor-element-3633125 elementor-widget elementor-widget-text-editor\" data-id=\"3633125\" data-element_type=\"widget\" data-widget_type=\"text-editor.default\">\n\t\t\t\t<div class=\"elementor-widget-container\">\n\t\t\t\t\t\t\t\t<div class=\"elementor-text-editor elementor-clearfix\">\n\t\t\t\t<p>Jak nazwa\u0107 niezwyk\u0142\u0105 kaszank\u0119 kucharza i jednocze\u015bnie wsp\u00f3\u0142tw\u00f3rcy programu &#8222;Love Island&#8221;? <b>Zobacz na filmiku.<\/b><\/p>\t\t\t\t\t<\/div>\n\t\t\t\t\t\t<\/div>\n\t\t\t\t<\/div>\n\t\t\t\t\t\t<\/div>\n\t\t\t\t\t<\/div>\n\t\t<\/div>\n\t\t\t\t\t\t\t\t<\/div>\n\t\t\t\t\t<\/div>\n\t\t<\/section>\n\t\t\t\t\t\t<\/div>\n\t\t\t\t\t<\/div>\n\t\t<\/div>\n\t\t\t\t\t\t\t\t<\/div>\n\t\t\t\t\t<\/div>\n\t\t<\/section>\n\t\t\t\t<section class=\"elementor-section elementor-top-section elementor-element elementor-element-c607552 elementor-section-boxed elementor-section-height-default elementor-section-height-default\" data-id=\"c607552\" data-element_type=\"section\">\n\t\t\t\t\t\t<div class=\"elementor-container elementor-column-gap-default\">\n\t\t\t\t\t\t\t<div class=\"elementor-row\">\n\t\t\t\t\t<div class=\"elementor-column elementor-col-100 elementor-top-column elementor-element elementor-element-edd1bcc\" data-id=\"edd1bcc\" data-element_type=\"column\">\n\t\t\t<div class=\"elementor-column-wrap elementor-element-populated\">\n\t\t\t\t\t\t\t<div class=\"elementor-widget-wrap\">\n\t\t\t\t\t\t<div class=\"elementor-element elementor-element-3dc6282 elementor-widget-divider--view-line elementor-widget elementor-widget-divider\" data-id=\"3dc6282\" data-element_type=\"widget\" data-widget_type=\"divider.default\">\n\t\t\t\t<div class=\"elementor-widget-container\">\n\t\t\t\t\t<div class=\"elementor-divider\">\n\t\t\t<span class=\"elementor-divider-separator\">\n\t\t\t\t\t\t<\/span>\n\t\t<\/div>\n\t\t\t\t<\/div>\n\t\t\t\t<\/div>\n\t\t\t\t\t\t<\/div>\n\t\t\t\t\t<\/div>\n\t\t<\/div>\n\t\t\t\t\t\t\t\t<\/div>\n\t\t\t\t\t<\/div>\n\t\t<\/section>\n\t\t\t\t<section class=\"elementor-section elementor-top-section elementor-element elementor-element-3df953f elementor-section-boxed elementor-section-height-default elementor-section-height-default\" data-id=\"3df953f\" data-element_type=\"section\">\n\t\t\t\t\t\t<div class=\"elementor-container elementor-column-gap-default\">\n\t\t\t\t\t\t\t<div class=\"elementor-row\">\n\t\t\t\t\t<div class=\"elementor-column elementor-col-50 elementor-top-column elementor-element elementor-element-17c194c\" data-id=\"17c194c\" data-element_type=\"column\">\n\t\t\t<div class=\"elementor-column-wrap elementor-element-populated\">\n\t\t\t\t\t\t\t<div class=\"elementor-widget-wrap\">\n\t\t\t\t\t\t<div class=\"elementor-element elementor-element-4c318a3 elementor-widget elementor-widget-text-editor\" data-id=\"4c318a3\" data-element_type=\"widget\" data-widget_type=\"text-editor.default\">\n\t\t\t\t<div class=\"elementor-widget-container\">\n\t\t\t\t\t\t\t\t<div class=\"elementor-text-editor elementor-clearfix\">\n\t\t\t\t<p>Zobacz, jak wygl\u0105da\u0142y przygotowania do <strong>punkowego wykonania<\/strong> <strong>&#8222;Najpi\u0119kniejszej&#8221; Papa D<\/strong>\u00a0 w wykonaniu supergupy Father D z go\u015bcinnym udzia\u0142em <strong>Paw\u0142a Stasiaka.\u00a0<\/strong><\/p>\t\t\t\t\t<\/div>\n\t\t\t\t\t\t<\/div>\n\t\t\t\t<\/div>\n\t\t\t\t\t\t<\/div>\n\t\t\t\t\t<\/div>\n\t\t<\/div>\n\t\t\t\t<div class=\"elementor-column elementor-col-50 elementor-top-column elementor-element elementor-element-4aac96c\" data-id=\"4aac96c\" data-element_type=\"column\">\n\t\t\t<div class=\"elementor-column-wrap elementor-element-populated\">\n\t\t\t\t\t\t\t<div class=\"elementor-widget-wrap\">\n\t\t\t\t\t\t<div class=\"elementor-element elementor-element-bc88316 elementor-widget elementor-widget-image\" data-id=\"bc88316\" data-element_type=\"widget\" data-widget_type=\"image.default\">\n\t\t\t\t<div class=\"elementor-widget-container\">\n\t\t\t\t\t\t\t\t<div class=\"elementor-image\">\n\t\t\t\t\t\t\t\t\t<figure class=\"wp-caption\">\n\t\t\t\t\t\t\t\t\t\t\t<a href=\"https:\/\/www.facebook.com\/kilentv\/videos\/1417526751732564\/\">\n\t\t\t\t\t\t\t<img width=\"1024\" height=\"576\" src=\"https:\/\/kilentv.pl\/wp-content\/uploads\/2019\/10\/IMG_20190827_1107531-1024x576.jpg\" class=\"attachment-large size-large\" alt=\"\" loading=\"lazy\" srcset=\"https:\/\/kilentv.pl\/wp-content\/uploads\/2019\/10\/IMG_20190827_1107531-1024x576.jpg 1024w, https:\/\/kilentv.pl\/wp-content\/uploads\/2019\/10\/IMG_20190827_1107531-300x169.jpg 300w, https:\/\/kilentv.pl\/wp-content\/uploads\/2019\/10\/IMG_20190827_1107531-768x432.jpg 768w\" sizes=\"(max-width: 1024px) 100vw, 1024px\" \/>\t\t\t\t\t\t\t\t<\/a>\n\t\t\t\t\t\t\t\t\t\t\t<figcaption class=\"widget-image-caption wp-caption-text\">Kliknij w obrazek, \u017ceby zobaczy\u0107 wi\u0119cej<\/figcaption>\n\t\t\t\t\t\t\t\t\t\t<\/figure>\n\t\t\t\t\t\t\t\t<\/div>\n\t\t\t\t\t\t<\/div>\n\t\t\t\t<\/div>\n\t\t\t\t\t\t<\/div>\n\t\t\t\t\t<\/div>\n\t\t<\/div>\n\t\t\t\t\t\t\t\t<\/div>\n\t\t\t\t\t<\/div>\n\t\t<\/section>\n\t\t\t\t\t\t<\/div>\n\t\t\t\t\t\t<\/div>\n\t\t\t\t\t<\/div>\n\t\t","protected":false},"excerpt":{"rendered":"<p>http:\/\/kilen.tv\/wp-content\/uploads\/2019\/11\/video-1573314077.mp4 Kto zjad\u0142 potraw\u0119 przygotowan\u0105 z resztek\u00a0 z kampingowej lod\u00f3wki przez szefa piekielnej kuchni Micha\u0142a Brysia ? Jak nazwa\u0107 niezwyk\u0142\u0105 kaszank\u0119 kucharza i jednocze\u015bnie wsp\u00f3\u0142tw\u00f3rcy programu &#8222;Love Island&#8221;? Zobacz na filmiku. Zobacz, jak wygl\u0105da\u0142y przygotowania do punkowego wykonania &#8222;Najpi\u0119kniejszej&#8221; Papa D\u00a0 w wykonaniu supergupy Father D z go\u015bcinnym udzia\u0142em Paw\u0142a Stasiaka.\u00a0 Kliknij w obrazek, \u017ceby [&hellip;]<\/p>\n","protected":false},"author":1,"featured_media":0,"parent":0,"menu_order":0,"comment_status":"closed","ping_status":"closed","template":"","meta":[],"yoast_head":"<!-- This site is optimized with the Yoast SEO plugin v18.2 - https:\/\/yoast.com\/wordpress\/plugins\/seo\/ -->\n<title>Poza kamerami - Kilen TV<\/title>\n<meta name=\"description\" content=\"Gwiazdy prywatnie poza kamerami programu Kilen TV. Urszula, Pawe\u0142 Stasiak z Papa D, szef kuchni Micha\u0142 Bry\u015b. Zobacz jak gwiazdy radz\u0105 sobie z wyzwaniami.\" \/>\n<meta name=\"robots\" content=\"index, follow, max-snippet:-1, max-image-preview:large, max-video-preview:-1\" \/>\n<link rel=\"canonical\" href=\"https:\/\/kilentv.pl\/index.php\/poza-kamerami\/\" \/>\n<meta property=\"og:locale\" content=\"pl_PL\" \/>\n<meta property=\"og:type\" content=\"article\" \/>\n<meta property=\"og:title\" content=\"Poza kamerami - Kilen TV\" \/>\n<meta property=\"og:description\" content=\"Gwiazdy prywatnie poza kamerami programu Kilen TV. Urszula, Pawe\u0142 Stasiak z Papa D, szef kuchni Micha\u0142 Bry\u015b. Zobacz jak gwiazdy radz\u0105 sobie z wyzwaniami.\" \/>\n<meta property=\"og:url\" content=\"https:\/\/kilentv.pl\/index.php\/poza-kamerami\/\" \/>\n<meta property=\"og:site_name\" content=\"Kilen TV\" \/>\n<meta property=\"article:modified_time\" content=\"2021-04-15T15:45:50+00:00\" \/>\n<meta property=\"og:image\" content=\"http:\/\/kilen.tv\/wp-content\/uploads\/2019\/10\/IMG_20190827_1107531-1024x576.jpg\" \/>\n<meta name=\"twitter:card\" content=\"summary_large_image\" \/>\n<meta name=\"twitter:label1\" content=\"Szacowany czas czytania\" \/>\n\t<meta name=\"twitter:data1\" content=\"1 minuta\" \/>\n<script type=\"application\/ld+json\" class=\"yoast-schema-graph\">{\"@context\":\"https:\/\/schema.org\",\"@graph\":[{\"@type\":\"Organization\",\"@id\":\"http:\/\/kilentv.pl\/#organization\",\"name\":\"Kilen TV\",\"url\":\"http:\/\/kilentv.pl\/\",\"sameAs\":[],\"logo\":{\"@type\":\"ImageObject\",\"@id\":\"http:\/\/kilentv.pl\/#logo\",\"inLanguage\":\"pl-PL\",\"url\":\"http:\/\/kilen.tv\/wp-content\/uploads\/2019\/09\/LOGO_V2_JPG.jpg\",\"contentUrl\":\"http:\/\/kilen.tv\/wp-content\/uploads\/2019\/09\/LOGO_V2_JPG.jpg\",\"width\":5000,\"height\":3000,\"caption\":\"Kilen TV\"},\"image\":{\"@id\":\"http:\/\/kilentv.pl\/#logo\"}},{\"@type\":\"WebSite\",\"@id\":\"http:\/\/kilentv.pl\/#website\",\"url\":\"http:\/\/kilentv.pl\/\",\"name\":\"Kilen TV\",\"description\":\"Gwiazdy w nietypowych sytuacjach\",\"publisher\":{\"@id\":\"http:\/\/kilentv.pl\/#organization\"},\"potentialAction\":[{\"@type\":\"SearchAction\",\"target\":{\"@type\":\"EntryPoint\",\"urlTemplate\":\"http:\/\/kilentv.pl\/?s={search_term_string}\"},\"query-input\":\"required name=search_term_string\"}],\"inLanguage\":\"pl-PL\"},{\"@type\":\"ImageObject\",\"@id\":\"https:\/\/kilentv.pl\/index.php\/poza-kamerami\/#primaryimage\",\"inLanguage\":\"pl-PL\",\"url\":\"http:\/\/kilen.tv\/wp-content\/uploads\/2019\/10\/IMG_20190827_1107531-1024x576.jpg\",\"contentUrl\":\"http:\/\/kilen.tv\/wp-content\/uploads\/2019\/10\/IMG_20190827_1107531-1024x576.jpg\"},{\"@type\":\"WebPage\",\"@id\":\"https:\/\/kilentv.pl\/index.php\/poza-kamerami\/#webpage\",\"url\":\"https:\/\/kilentv.pl\/index.php\/poza-kamerami\/\",\"name\":\"Poza kamerami - Kilen TV\",\"isPartOf\":{\"@id\":\"http:\/\/kilentv.pl\/#website\"},\"primaryImageOfPage\":{\"@id\":\"https:\/\/kilentv.pl\/index.php\/poza-kamerami\/#primaryimage\"},\"datePublished\":\"2019-10-24T07:02:52+00:00\",\"dateModified\":\"2021-04-15T15:45:50+00:00\",\"description\":\"Gwiazdy prywatnie poza kamerami programu Kilen TV. Urszula, Pawe\u0142 Stasiak z Papa D, szef kuchni Micha\u0142 Bry\u015b. Zobacz jak gwiazdy radz\u0105 sobie z wyzwaniami.\",\"breadcrumb\":{\"@id\":\"https:\/\/kilentv.pl\/index.php\/poza-kamerami\/#breadcrumb\"},\"inLanguage\":\"pl-PL\",\"potentialAction\":[{\"@type\":\"ReadAction\",\"target\":[\"https:\/\/kilentv.pl\/index.php\/poza-kamerami\/\"]}]},{\"@type\":\"BreadcrumbList\",\"@id\":\"https:\/\/kilentv.pl\/index.php\/poza-kamerami\/#breadcrumb\",\"itemListElement\":[{\"@type\":\"ListItem\",\"position\":1,\"name\":\"Strona g\u0142\u00f3wna\",\"item\":\"http:\/\/kilentv.pl\/\"},{\"@type\":\"ListItem\",\"position\":2,\"name\":\"Poza kamerami\"}]}]}<\/script>\n<!-- \/ Yoast SEO plugin. -->","yoast_head_json":{"title":"Poza kamerami - Kilen TV","description":"Gwiazdy prywatnie poza kamerami programu Kilen TV. Urszula, Pawe\u0142 Stasiak z Papa D, szef kuchni Micha\u0142 Bry\u015b. Zobacz jak gwiazdy radz\u0105 sobie z wyzwaniami.","robots":{"index":"index","follow":"follow","max-snippet":"max-snippet:-1","max-image-preview":"max-image-preview:large","max-video-preview":"max-video-preview:-1"},"canonical":"https:\/\/kilentv.pl\/index.php\/poza-kamerami\/","og_locale":"pl_PL","og_type":"article","og_title":"Poza kamerami - Kilen TV","og_description":"Gwiazdy prywatnie poza kamerami programu Kilen TV. Urszula, Pawe\u0142 Stasiak z Papa D, szef kuchni Micha\u0142 Bry\u015b. Zobacz jak gwiazdy radz\u0105 sobie z wyzwaniami.","og_url":"https:\/\/kilentv.pl\/index.php\/poza-kamerami\/","og_site_name":"Kilen TV","article_modified_time":"2021-04-15T15:45:50+00:00","og_image":[{"url":"http:\/\/kilen.tv\/wp-content\/uploads\/2019\/10\/IMG_20190827_1107531-1024x576.jpg"}],"twitter_card":"summary_large_image","twitter_misc":{"Szacowany czas czytania":"1 minuta"},"schema":{"@context":"https:\/\/schema.org","@graph":[{"@type":"Organization","@id":"http:\/\/kilentv.pl\/#organization","name":"Kilen TV","url":"http:\/\/kilentv.pl\/","sameAs":[],"logo":{"@type":"ImageObject","@id":"http:\/\/kilentv.pl\/#logo","inLanguage":"pl-PL","url":"http:\/\/kilen.tv\/wp-content\/uploads\/2019\/09\/LOGO_V2_JPG.jpg","contentUrl":"http:\/\/kilen.tv\/wp-content\/uploads\/2019\/09\/LOGO_V2_JPG.jpg","width":5000,"height":3000,"caption":"Kilen TV"},"image":{"@id":"http:\/\/kilentv.pl\/#logo"}},{"@type":"WebSite","@id":"http:\/\/kilentv.pl\/#website","url":"http:\/\/kilentv.pl\/","name":"Kilen TV","description":"Gwiazdy w nietypowych sytuacjach","publisher":{"@id":"http:\/\/kilentv.pl\/#organization"},"potentialAction":[{"@type":"SearchAction","target":{"@type":"EntryPoint","urlTemplate":"http:\/\/kilentv.pl\/?s={search_term_string}"},"query-input":"required name=search_term_string"}],"inLanguage":"pl-PL"},{"@type":"ImageObject","@id":"https:\/\/kilentv.pl\/index.php\/poza-kamerami\/#primaryimage","inLanguage":"pl-PL","url":"http:\/\/kilen.tv\/wp-content\/uploads\/2019\/10\/IMG_20190827_1107531-1024x576.jpg","contentUrl":"http:\/\/kilen.tv\/wp-content\/uploads\/2019\/10\/IMG_20190827_1107531-1024x576.jpg"},{"@type":"WebPage","@id":"https:\/\/kilentv.pl\/index.php\/poza-kamerami\/#webpage","url":"https:\/\/kilentv.pl\/index.php\/poza-kamerami\/","name":"Poza kamerami - Kilen TV","isPartOf":{"@id":"http:\/\/kilentv.pl\/#website"},"primaryImageOfPage":{"@id":"https:\/\/kilentv.pl\/index.php\/poza-kamerami\/#primaryimage"},"datePublished":"2019-10-24T07:02:52+00:00","dateModified":"2021-04-15T15:45:50+00:00","description":"Gwiazdy prywatnie poza kamerami programu Kilen TV. Urszula, Pawe\u0142 Stasiak z Papa D, szef kuchni Micha\u0142 Bry\u015b. Zobacz jak gwiazdy radz\u0105 sobie z wyzwaniami.","breadcrumb":{"@id":"https:\/\/kilentv.pl\/index.php\/poza-kamerami\/#breadcrumb"},"inLanguage":"pl-PL","potentialAction":[{"@type":"ReadAction","target":["https:\/\/kilentv.pl\/index.php\/poza-kamerami\/"]}]},{"@type":"BreadcrumbList","@id":"https:\/\/kilentv.pl\/index.php\/poza-kamerami\/#breadcrumb","itemListElement":[{"@type":"ListItem","position":1,"name":"Strona g\u0142\u00f3wna","item":"http:\/\/kilentv.pl\/"},{"@type":"ListItem","position":2,"name":"Poza kamerami"}]}]}},"_links":{"self":[{"href":"https:\/\/kilentv.pl\/index.php\/wp-json\/wp\/v2\/pages\/20"}],"collection":[{"href":"https:\/\/kilentv.pl\/index.php\/wp-json\/wp\/v2\/pages"}],"about":[{"href":"https:\/\/kilentv.pl\/index.php\/wp-json\/wp\/v2\/types\/page"}],"author":[{"embeddable":true,"href":"https:\/\/kilentv.pl\/index.php\/wp-json\/wp\/v2\/users\/1"}],"replies":[{"embeddable":true,"href":"https:\/\/kilentv.pl\/index.php\/wp-json\/wp\/v2\/comments?post=20"}],"version-history":[{"count":30,"href":"https:\/\/kilentv.pl\/index.php\/wp-json\/wp\/v2\/pages\/20\/revisions"}],"predecessor-version":[{"id":336,"href":"https:\/\/kilentv.pl\/index.php\/wp-json\/wp\/v2\/pages\/20\/revisions\/336"}],"wp:attachment":[{"href":"https:\/\/kilentv.pl\/index.php\/wp-json\/wp\/v2\/media?parent=20"}],"curies":[{"name":"wp","href":"https:\/\/api.w.org\/{rel}","templated":true}]}}