{"id":19,"date":"2019-10-24T09:02:52","date_gmt":"2019-10-24T07:02:52","guid":{"rendered":"http:\/\/kilen.tv\/?page_id=19"},"modified":"2021-04-15T15:56:01","modified_gmt":"2021-04-15T13:56:01","slug":"moto-kilen","status":"publish","type":"page","link":"https:\/\/kilentv.pl\/index.php\/moto-kilen\/","title":{"rendered":"Moto Kilen"},"content":{"rendered":"\t\t<div data-elementor-type=\"wp-page\" data-elementor-id=\"19\" class=\"elementor elementor-19\" data-elementor-settings=\"[]\">\n\t\t\t\t\t\t<div class=\"elementor-inner\">\n\t\t\t\t\t\t\t<div class=\"elementor-section-wrap\">\n\t\t\t\t\t\t\t<section class=\"elementor-section elementor-top-section elementor-element elementor-element-5792d2d elementor-section-boxed elementor-section-height-default elementor-section-height-default\" data-id=\"5792d2d\" data-element_type=\"section\">\n\t\t\t\t\t\t<div class=\"elementor-container elementor-column-gap-default\">\n\t\t\t\t\t\t\t<div class=\"elementor-row\">\n\t\t\t\t\t<div class=\"elementor-column elementor-col-100 elementor-top-column elementor-element elementor-element-cbb7f5a\" data-id=\"cbb7f5a\" data-element_type=\"column\">\n\t\t\t<div class=\"elementor-column-wrap elementor-element-populated\">\n\t\t\t\t\t\t\t<div class=\"elementor-widget-wrap\">\n\t\t\t\t\t\t<div class=\"elementor-element elementor-element-5234d99 elementor-widget elementor-widget-text-editor\" data-id=\"5234d99\" data-element_type=\"widget\" data-widget_type=\"text-editor.default\">\n\t\t\t\t<div class=\"elementor-widget-container\">\n\t\t\t\t\t\t\t\t<div class=\"elementor-text-editor elementor-clearfix\">\n\t\t\t\t<p>&nbsp; <strong>Moto Kilen<\/strong>&nbsp;to autorski program motoryzacyjny <strong>Roberta Kilena<\/strong>, dziennikarza radiowego, telewizyjnego i prasowego, a tak\u017ce pisarza ( &#8222;Krew Illapa&#8221; , &#8222;Czart&#8221;, &#8222;Ogie\u0144 jeziora&#8221;). Na motoryzacji<strong> zna sie jak ma\u0142o<\/strong> kto, to jego prywatna pasja. Od lat pisze te\u017c felietony o tej tematyce do &#8222;Gazety Polskiej&#8221;. Prowadzi te\u017c codzienne audycje w Polskim Radiu Kierowc\u00f3w.&nbsp;<\/p>\t\t\t\t\t<\/div>\n\t\t\t\t\t\t<\/div>\n\t\t\t\t<\/div>\n\t\t\t\t\t\t<\/div>\n\t\t\t\t\t<\/div>\n\t\t<\/div>\n\t\t\t\t\t\t\t\t<\/div>\n\t\t\t\t\t<\/div>\n\t\t<\/section>\n\t\t\t\t<section class=\"elementor-section elementor-top-section elementor-element elementor-element-57ed835 elementor-section-boxed elementor-section-height-default elementor-section-height-default\" data-id=\"57ed835\" data-element_type=\"section\">\n\t\t\t\t\t\t<div class=\"elementor-container elementor-column-gap-default\">\n\t\t\t\t\t\t\t<div class=\"elementor-row\">\n\t\t\t\t\t<div class=\"elementor-column elementor-col-33 elementor-top-column elementor-element elementor-element-07d27d9\" data-id=\"07d27d9\" data-element_type=\"column\">\n\t\t\t<div class=\"elementor-column-wrap elementor-element-populated\">\n\t\t\t\t\t\t\t<div class=\"elementor-widget-wrap\">\n\t\t\t\t\t\t<div class=\"elementor-element elementor-element-67c0577 elementor-aspect-ratio-169 elementor-widget elementor-widget-video\" data-id=\"67c0577\" data-element_type=\"widget\" data-settings=\"{&quot;youtube_url&quot;:&quot;https:\\\/\\\/www.youtube.com\\\/watch?v=67kaA1yS2rE&quot;,&quot;video_type&quot;:&quot;youtube&quot;,&quot;controls&quot;:&quot;yes&quot;,&quot;aspect_ratio&quot;:&quot;169&quot;}\" data-widget_type=\"video.default\">\n\t\t\t\t<div class=\"elementor-widget-container\">\n\t\t\t\t\t<div class=\"elementor-wrapper elementor-fit-aspect-ratio elementor-open-inline\">\n\t\t\t<div class=\"elementor-video\"><\/div>\t\t<\/div>\n\t\t\t\t<\/div>\n\t\t\t\t<\/div>\n\t\t\t\t\t\t<\/div>\n\t\t\t\t\t<\/div>\n\t\t<\/div>\n\t\t\t\t<div class=\"elementor-column elementor-col-33 elementor-top-column elementor-element elementor-element-be1ca13\" data-id=\"be1ca13\" data-element_type=\"column\">\n\t\t\t<div class=\"elementor-column-wrap elementor-element-populated\">\n\t\t\t\t\t\t\t<div class=\"elementor-widget-wrap\">\n\t\t\t\t\t\t<div class=\"elementor-element elementor-element-8b5bbe4 elementor-aspect-ratio-169 elementor-widget elementor-widget-video\" data-id=\"8b5bbe4\" data-element_type=\"widget\" data-settings=\"{&quot;youtube_url&quot;:&quot;https:\\\/\\\/www.youtube.com\\\/watch?v=CYClJ3pR2-0&quot;,&quot;video_type&quot;:&quot;youtube&quot;,&quot;controls&quot;:&quot;yes&quot;,&quot;aspect_ratio&quot;:&quot;169&quot;}\" data-widget_type=\"video.default\">\n\t\t\t\t<div class=\"elementor-widget-container\">\n\t\t\t\t\t<div class=\"elementor-wrapper elementor-fit-aspect-ratio elementor-open-inline\">\n\t\t\t<div class=\"elementor-video\"><\/div>\t\t<\/div>\n\t\t\t\t<\/div>\n\t\t\t\t<\/div>\n\t\t\t\t\t\t<\/div>\n\t\t\t\t\t<\/div>\n\t\t<\/div>\n\t\t\t\t<div class=\"elementor-column elementor-col-33 elementor-top-column elementor-element elementor-element-fecb8e8\" data-id=\"fecb8e8\" data-element_type=\"column\">\n\t\t\t<div class=\"elementor-column-wrap elementor-element-populated\">\n\t\t\t\t\t\t\t<div class=\"elementor-widget-wrap\">\n\t\t\t\t\t\t<div class=\"elementor-element elementor-element-6e0a2f0 elementor-aspect-ratio-169 elementor-widget elementor-widget-video\" data-id=\"6e0a2f0\" data-element_type=\"widget\" data-settings=\"{&quot;youtube_url&quot;:&quot;https:\\\/\\\/www.youtube.com\\\/watch?v=svnDYUbYQI8&quot;,&quot;video_type&quot;:&quot;youtube&quot;,&quot;controls&quot;:&quot;yes&quot;,&quot;aspect_ratio&quot;:&quot;169&quot;}\" data-widget_type=\"video.default\">\n\t\t\t\t<div class=\"elementor-widget-container\">\n\t\t\t\t\t<div class=\"elementor-wrapper elementor-fit-aspect-ratio elementor-open-inline\">\n\t\t\t<div class=\"elementor-video\"><\/div>\t\t<\/div>\n\t\t\t\t<\/div>\n\t\t\t\t<\/div>\n\t\t\t\t\t\t<\/div>\n\t\t\t\t\t<\/div>\n\t\t<\/div>\n\t\t\t\t\t\t\t\t<\/div>\n\t\t\t\t\t<\/div>\n\t\t<\/section>\n\t\t\t\t<section class=\"elementor-section elementor-top-section elementor-element elementor-element-7e2e0b8 elementor-section-boxed elementor-section-height-default elementor-section-height-default\" data-id=\"7e2e0b8\" data-element_type=\"section\">\n\t\t\t\t\t\t<div class=\"elementor-container elementor-column-gap-default\">\n\t\t\t\t\t\t\t<div class=\"elementor-row\">\n\t\t\t\t\t<div class=\"elementor-column elementor-col-50 elementor-top-column elementor-element elementor-element-5933377\" data-id=\"5933377\" data-element_type=\"column\">\n\t\t\t<div class=\"elementor-column-wrap elementor-element-populated\">\n\t\t\t\t\t\t\t<div class=\"elementor-widget-wrap\">\n\t\t\t\t\t\t<div class=\"elementor-element elementor-element-6361a6a elementor-aspect-ratio-169 elementor-widget elementor-widget-video\" data-id=\"6361a6a\" data-element_type=\"widget\" data-settings=\"{&quot;youtube_url&quot;:&quot;https:\\\/\\\/youtu.be\\\/kFXpg4lIWsQ&quot;,&quot;video_type&quot;:&quot;youtube&quot;,&quot;controls&quot;:&quot;yes&quot;,&quot;aspect_ratio&quot;:&quot;169&quot;}\" data-widget_type=\"video.default\">\n\t\t\t\t<div class=\"elementor-widget-container\">\n\t\t\t\t\t<div class=\"elementor-wrapper elementor-fit-aspect-ratio elementor-open-inline\">\n\t\t\t<div class=\"elementor-video\"><\/div>\t\t<\/div>\n\t\t\t\t<\/div>\n\t\t\t\t<\/div>\n\t\t\t\t\t\t<\/div>\n\t\t\t\t\t<\/div>\n\t\t<\/div>\n\t\t\t\t<div class=\"elementor-column elementor-col-50 elementor-top-column elementor-element elementor-element-7d11e86\" data-id=\"7d11e86\" data-element_type=\"column\">\n\t\t\t<div class=\"elementor-column-wrap elementor-element-populated\">\n\t\t\t\t\t\t\t<div class=\"elementor-widget-wrap\">\n\t\t\t\t\t\t<div class=\"elementor-element elementor-element-2e20cd0 elementor-aspect-ratio-169 elementor-widget elementor-widget-video\" data-id=\"2e20cd0\" data-element_type=\"widget\" data-settings=\"{&quot;youtube_url&quot;:&quot;https:\\\/\\\/youtu.be\\\/CBmzDSDxk-A&quot;,&quot;video_type&quot;:&quot;youtube&quot;,&quot;controls&quot;:&quot;yes&quot;,&quot;aspect_ratio&quot;:&quot;169&quot;}\" data-widget_type=\"video.default\">\n\t\t\t\t<div class=\"elementor-widget-container\">\n\t\t\t\t\t<div class=\"elementor-wrapper elementor-fit-aspect-ratio elementor-open-inline\">\n\t\t\t<div class=\"elementor-video\"><\/div>\t\t<\/div>\n\t\t\t\t<\/div>\n\t\t\t\t<\/div>\n\t\t\t\t\t\t<\/div>\n\t\t\t\t\t<\/div>\n\t\t<\/div>\n\t\t\t\t\t\t\t\t<\/div>\n\t\t\t\t\t<\/div>\n\t\t<\/section>\n\t\t\t\t\t\t<\/div>\n\t\t\t\t\t\t<\/div>\n\t\t\t\t\t<\/div>\n\t\t","protected":false},"excerpt":{"rendered":"<p>&nbsp; Moto Kilen&nbsp;to autorski program motoryzacyjny Roberta Kilena, dziennikarza radiowego, telewizyjnego i prasowego, a tak\u017ce pisarza ( &#8222;Krew Illapa&#8221; , &#8222;Czart&#8221;, &#8222;Ogie\u0144 jeziora&#8221;). Na motoryzacji zna sie jak ma\u0142o kto, to jego prywatna pasja. Od lat pisze te\u017c felietony o tej tematyce do &#8222;Gazety Polskiej&#8221;. Prowadzi te\u017c codzienne audycje w Polskim Radiu Kierowc\u00f3w.&nbsp; https:\/\/www.youtube.com\/watch?v=67kaA1yS2rEhttps:\/\/www.youtube.com\/watch?v=CYClJ3pR2-0https:\/\/www.youtube.com\/watch?v=svnDYUbYQI8https:\/\/youtu.be\/kFXpg4lIWsQhttps:\/\/youtu.be\/CBmzDSDxk-A<\/p>\n","protected":false},"author":1,"featured_media":0,"parent":0,"menu_order":0,"comment_status":"closed","ping_status":"closed","template":"","meta":[],"yoast_head":"<!-- This site is optimized with the Yoast SEO plugin v18.2 - https:\/\/yoast.com\/wordpress\/plugins\/seo\/ -->\n<title>Moto Kilen - Kilen TV<\/title>\n<meta name=\"description\" content=\"Znany dziennikarz Robert Kilen testuje samochody, a zna si\u0119 na nich jak ma\u0142o kto. Je\u015bli jeste\u015b fanem motoryzacji musisz to zobaczy\u0107.\" \/>\n<meta name=\"robots\" content=\"index, follow, max-snippet:-1, max-image-preview:large, max-video-preview:-1\" \/>\n<link rel=\"canonical\" href=\"https:\/\/kilentv.pl\/index.php\/moto-kilen\/\" \/>\n<meta property=\"og:locale\" content=\"pl_PL\" \/>\n<meta property=\"og:type\" content=\"article\" \/>\n<meta property=\"og:title\" content=\"Moto Kilen - Kilen TV\" \/>\n<meta property=\"og:description\" content=\"Znany dziennikarz Robert Kilen testuje samochody, a zna si\u0119 na nich jak ma\u0142o kto. Je\u015bli jeste\u015b fanem motoryzacji musisz to zobaczy\u0107.\" \/>\n<meta property=\"og:url\" content=\"https:\/\/kilentv.pl\/index.php\/moto-kilen\/\" \/>\n<meta property=\"og:site_name\" content=\"Kilen TV\" \/>\n<meta property=\"article:modified_time\" content=\"2021-04-15T13:56:01+00:00\" \/>\n<meta name=\"twitter:card\" content=\"summary_large_image\" \/>\n<meta name=\"twitter:label1\" content=\"Szacowany czas czytania\" \/>\n\t<meta name=\"twitter:data1\" content=\"1 minuta\" \/>\n<script type=\"application\/ld+json\" class=\"yoast-schema-graph\">{\"@context\":\"https:\/\/schema.org\",\"@graph\":[{\"@type\":\"Organization\",\"@id\":\"http:\/\/kilentv.pl\/#organization\",\"name\":\"Kilen TV\",\"url\":\"http:\/\/kilentv.pl\/\",\"sameAs\":[],\"logo\":{\"@type\":\"ImageObject\",\"@id\":\"http:\/\/kilentv.pl\/#logo\",\"inLanguage\":\"pl-PL\",\"url\":\"http:\/\/kilen.tv\/wp-content\/uploads\/2019\/09\/LOGO_V2_JPG.jpg\",\"contentUrl\":\"http:\/\/kilen.tv\/wp-content\/uploads\/2019\/09\/LOGO_V2_JPG.jpg\",\"width\":5000,\"height\":3000,\"caption\":\"Kilen TV\"},\"image\":{\"@id\":\"http:\/\/kilentv.pl\/#logo\"}},{\"@type\":\"WebSite\",\"@id\":\"http:\/\/kilentv.pl\/#website\",\"url\":\"http:\/\/kilentv.pl\/\",\"name\":\"Kilen TV\",\"description\":\"Gwiazdy w nietypowych sytuacjach\",\"publisher\":{\"@id\":\"http:\/\/kilentv.pl\/#organization\"},\"potentialAction\":[{\"@type\":\"SearchAction\",\"target\":{\"@type\":\"EntryPoint\",\"urlTemplate\":\"http:\/\/kilentv.pl\/?s={search_term_string}\"},\"query-input\":\"required name=search_term_string\"}],\"inLanguage\":\"pl-PL\"},{\"@type\":\"WebPage\",\"@id\":\"https:\/\/kilentv.pl\/index.php\/moto-kilen\/#webpage\",\"url\":\"https:\/\/kilentv.pl\/index.php\/moto-kilen\/\",\"name\":\"Moto Kilen - Kilen TV\",\"isPartOf\":{\"@id\":\"http:\/\/kilentv.pl\/#website\"},\"datePublished\":\"2019-10-24T07:02:52+00:00\",\"dateModified\":\"2021-04-15T13:56:01+00:00\",\"description\":\"Znany dziennikarz Robert Kilen testuje samochody, a zna si\u0119 na nich jak ma\u0142o kto. Je\u015bli jeste\u015b fanem motoryzacji musisz to zobaczy\u0107.\",\"breadcrumb\":{\"@id\":\"https:\/\/kilentv.pl\/index.php\/moto-kilen\/#breadcrumb\"},\"inLanguage\":\"pl-PL\",\"potentialAction\":[{\"@type\":\"ReadAction\",\"target\":[\"https:\/\/kilentv.pl\/index.php\/moto-kilen\/\"]}]},{\"@type\":\"BreadcrumbList\",\"@id\":\"https:\/\/kilentv.pl\/index.php\/moto-kilen\/#breadcrumb\",\"itemListElement\":[{\"@type\":\"ListItem\",\"position\":1,\"name\":\"Strona g\u0142\u00f3wna\",\"item\":\"http:\/\/kilentv.pl\/\"},{\"@type\":\"ListItem\",\"position\":2,\"name\":\"Moto Kilen\"}]}]}<\/script>\n<!-- \/ Yoast SEO plugin. -->","yoast_head_json":{"title":"Moto Kilen - Kilen TV","description":"Znany dziennikarz Robert Kilen testuje samochody, a zna si\u0119 na nich jak ma\u0142o kto. Je\u015bli jeste\u015b fanem motoryzacji musisz to zobaczy\u0107.","robots":{"index":"index","follow":"follow","max-snippet":"max-snippet:-1","max-image-preview":"max-image-preview:large","max-video-preview":"max-video-preview:-1"},"canonical":"https:\/\/kilentv.pl\/index.php\/moto-kilen\/","og_locale":"pl_PL","og_type":"article","og_title":"Moto Kilen - Kilen TV","og_description":"Znany dziennikarz Robert Kilen testuje samochody, a zna si\u0119 na nich jak ma\u0142o kto. Je\u015bli jeste\u015b fanem motoryzacji musisz to zobaczy\u0107.","og_url":"https:\/\/kilentv.pl\/index.php\/moto-kilen\/","og_site_name":"Kilen TV","article_modified_time":"2021-04-15T13:56:01+00:00","twitter_card":"summary_large_image","twitter_misc":{"Szacowany czas czytania":"1 minuta"},"schema":{"@context":"https:\/\/schema.org","@graph":[{"@type":"Organization","@id":"http:\/\/kilentv.pl\/#organization","name":"Kilen TV","url":"http:\/\/kilentv.pl\/","sameAs":[],"logo":{"@type":"ImageObject","@id":"http:\/\/kilentv.pl\/#logo","inLanguage":"pl-PL","url":"http:\/\/kilen.tv\/wp-content\/uploads\/2019\/09\/LOGO_V2_JPG.jpg","contentUrl":"http:\/\/kilen.tv\/wp-content\/uploads\/2019\/09\/LOGO_V2_JPG.jpg","width":5000,"height":3000,"caption":"Kilen TV"},"image":{"@id":"http:\/\/kilentv.pl\/#logo"}},{"@type":"WebSite","@id":"http:\/\/kilentv.pl\/#website","url":"http:\/\/kilentv.pl\/","name":"Kilen TV","description":"Gwiazdy w nietypowych sytuacjach","publisher":{"@id":"http:\/\/kilentv.pl\/#organization"},"potentialAction":[{"@type":"SearchAction","target":{"@type":"EntryPoint","urlTemplate":"http:\/\/kilentv.pl\/?s={search_term_string}"},"query-input":"required name=search_term_string"}],"inLanguage":"pl-PL"},{"@type":"WebPage","@id":"https:\/\/kilentv.pl\/index.php\/moto-kilen\/#webpage","url":"https:\/\/kilentv.pl\/index.php\/moto-kilen\/","name":"Moto Kilen - Kilen TV","isPartOf":{"@id":"http:\/\/kilentv.pl\/#website"},"datePublished":"2019-10-24T07:02:52+00:00","dateModified":"2021-04-15T13:56:01+00:00","description":"Znany dziennikarz Robert Kilen testuje samochody, a zna si\u0119 na nich jak ma\u0142o kto. Je\u015bli jeste\u015b fanem motoryzacji musisz to zobaczy\u0107.","breadcrumb":{"@id":"https:\/\/kilentv.pl\/index.php\/moto-kilen\/#breadcrumb"},"inLanguage":"pl-PL","potentialAction":[{"@type":"ReadAction","target":["https:\/\/kilentv.pl\/index.php\/moto-kilen\/"]}]},{"@type":"BreadcrumbList","@id":"https:\/\/kilentv.pl\/index.php\/moto-kilen\/#breadcrumb","itemListElement":[{"@type":"ListItem","position":1,"name":"Strona g\u0142\u00f3wna","item":"http:\/\/kilentv.pl\/"},{"@type":"ListItem","position":2,"name":"Moto Kilen"}]}]}},"_links":{"self":[{"href":"https:\/\/kilentv.pl\/index.php\/wp-json\/wp\/v2\/pages\/19"}],"collection":[{"href":"https:\/\/kilentv.pl\/index.php\/wp-json\/wp\/v2\/pages"}],"about":[{"href":"https:\/\/kilentv.pl\/index.php\/wp-json\/wp\/v2\/types\/page"}],"author":[{"embeddable":true,"href":"https:\/\/kilentv.pl\/index.php\/wp-json\/wp\/v2\/users\/1"}],"replies":[{"embeddable":true,"href":"https:\/\/kilentv.pl\/index.php\/wp-json\/wp\/v2\/comments?post=19"}],"version-history":[{"count":9,"href":"https:\/\/kilentv.pl\/index.php\/wp-json\/wp\/v2\/pages\/19\/revisions"}],"predecessor-version":[{"id":307,"href":"https:\/\/kilentv.pl\/index.php\/wp-json\/wp\/v2\/pages\/19\/revisions\/307"}],"wp:attachment":[{"href":"https:\/\/kilentv.pl\/index.php\/wp-json\/wp\/v2\/media?parent=19"}],"curies":[{"name":"wp","href":"https:\/\/api.w.org\/{rel}","templated":true}]}}