{"id":18,"date":"2019-10-24T09:02:52","date_gmt":"2019-10-24T07:02:52","guid":{"rendered":"http:\/\/kilen.tv\/?page_id=18"},"modified":"2021-04-15T15:47:39","modified_gmt":"2021-04-15T13:47:39","slug":"kilen-show","status":"publish","type":"page","link":"https:\/\/kilentv.pl\/index.php\/kilen-show\/","title":{"rendered":"Kilen Show"},"content":{"rendered":"<p>\u00a0 <strong>Kilen Show<\/strong> to nietypowy, wyj\u0105tkowy i niepowtarzalny talk show.\u00a0<\/p>\n<p><strong>Monika Tarka <\/strong><strong>i Robert Kilen<\/strong> nie tylko rozmawiaj\u0105 z gwiazdami jak r\u00f3wny z r\u00f3wnym ale te\u017c stawiaj\u0105 swoich go\u015bci przed nietypowymi wyzwaniami,\u00a0kt\u00f3re maj\u0105 sprawdzi\u0107 ich poczucie humoru i dystans do siebie i \u015bwiata.\u00a0Ogl\u0105daj i sprawd\u017a\u00a0<\/p>\n<p>\u00a0\u00a0<strong style=\"letter-spacing: 0px;\">JAKIE NAPRAWD\u0118 S\u0104 POLSKIE GWIAZDY. \u00a0<a href=\"https:\/\/www.youtube.com\/channel\/UCc62124FjLXCDGsDqr-sa0g\">ZOBACZ NA KILEN TV\u00a0<\/a><\/strong><\/p>\n<p><strong>\u00a0 \u00a0 \u00a0 \u00a0 \u00a0 \u00a0 \u00a0 Zobacz przed jakimi wyzwaniami staj\u0105 nasze gwiazdy.<\/strong>\u00a0<\/p>\n<p>\u00a0 Czy <strong>D\u017cej D\u017cej z Big Cyca<\/strong> zdo\u0142a tak mocno peda\u0142owa\u0107, \u017ceby wytworzy\u0107 pr\u0105d do naszego studia ?\u00a0<\/p>\n<p>\u00a0 \u00a0Czy <strong>Andrzej Krzywy<\/strong> radzi sobie lepiej z odkurzaczem ni\u017c prawie <strong>perfekcyjna pani domu<\/strong> ?<\/p>\n<p>\u00a0 Czy <strong>szef piekielnej kuchni<\/strong> Micha\u0142 Bry\u015b jest w stanie ugotowa\u0107 cos sensownego z beznadziejnej zawarto\u015bci resztek z kempingowej lod\u00f3wki ?<\/p>\n<p>\u00a0 Czy<strong> Norbi<\/strong> umie zmienia\u0107 pieluch\u0119 i trafi\u0107 d\u0142ugopisem do szyjki od butelki ?<\/p>\n<p>\u00a0 Czy <strong>s\u0142ynny lektor Tomasz Knapik<\/strong> odr\u00f3\u017cni herbat\u0119 z pr\u0105dem od tej bez pr\u0105du ?\u00a0<\/p>\n<p>\u00a0 Czy<strong> Monika Jarosi\u0144ska<\/strong> odr\u00f3\u017cni klusk\u0119 \u015bl\u0105sk\u0105 od par\u00f3wki ?<\/p>\n<p>\u00a0 Czy <strong>najbardziej znanemu<\/strong> polskiemu iluzjoni\u015bcie <strong>Maciejowi Polowi<\/strong> uda si\u0119 zrobi\u0107 prawo jazdy na kosiark\u0119 ?<\/p>\n<p>\u00a0 \u00a0 \u00a0 \u00a0 \u00a0\u00a0<\/p>\n<p>\u00a0 \u00a0 \u00a0 \u00a0 \u00a0 \u00a0 \u00a0 \u00a0 \u00a0 \u00a0\u00a0<a style=\"background-color: #fcfcfc;\" href=\"https:\/\/www.youtube.com\/channel\/kilentv\">https:\/\/www.youtube.com\/channel\/kilentv<\/a><strong><br \/><\/strong><\/p>\n<p>\u00a0<\/p>\n\n\n<p><\/p>\n","protected":false},"excerpt":{"rendered":"<p>\u00a0 Kilen Show to nietypowy, wyj\u0105tkowy i niepowtarzalny talk show.\u00a0 Monika Tarka i Robert Kilen nie tylko rozmawiaj\u0105 z gwiazdami jak r\u00f3wny z r\u00f3wnym ale te\u017c stawiaj\u0105 swoich go\u015bci przed nietypowymi wyzwaniami,\u00a0kt\u00f3re maj\u0105 sprawdzi\u0107 ich poczucie humoru i dystans do siebie i \u015bwiata.\u00a0Ogl\u0105daj i sprawd\u017a\u00a0 \u00a0\u00a0JAKIE NAPRAWD\u0118 S\u0104 POLSKIE GWIAZDY. \u00a0ZOBACZ NA KILEN TV\u00a0 \u00a0 [&hellip;]<\/p>\n","protected":false},"author":1,"featured_media":0,"parent":0,"menu_order":0,"comment_status":"closed","ping_status":"closed","template":"","meta":[],"yoast_head":"<!-- This site is optimized with the Yoast SEO plugin v18.2 - https:\/\/yoast.com\/wordpress\/plugins\/seo\/ -->\n<title>Kilen Show - Kilen TV<\/title>\n<meta name=\"description\" content=\"Polskie gwiazdy w nietypowych sytuacjach. Wywiad i wyzwania, z kt\u00f3rymi musz\u0105 si\u0119 zmierzy\u0107 w Kilen TV. Urszula, Pawe\u0142 Stasiak, Andrzej Krzywy, Tomasz Knapik i inni.\" \/>\n<meta name=\"robots\" content=\"index, follow, max-snippet:-1, max-image-preview:large, max-video-preview:-1\" \/>\n<link rel=\"canonical\" href=\"https:\/\/kilentv.pl\/index.php\/kilen-show\/\" \/>\n<meta property=\"og:locale\" content=\"pl_PL\" \/>\n<meta property=\"og:type\" content=\"article\" \/>\n<meta property=\"og:title\" content=\"Kilen Show - Kilen TV\" \/>\n<meta property=\"og:description\" content=\"Polskie gwiazdy w nietypowych sytuacjach. Wywiad i wyzwania, z kt\u00f3rymi musz\u0105 si\u0119 zmierzy\u0107 w Kilen TV. Urszula, Pawe\u0142 Stasiak, Andrzej Krzywy, Tomasz Knapik i inni.\" \/>\n<meta property=\"og:url\" content=\"https:\/\/kilentv.pl\/index.php\/kilen-show\/\" \/>\n<meta property=\"og:site_name\" content=\"Kilen TV\" \/>\n<meta property=\"article:modified_time\" content=\"2021-04-15T13:47:39+00:00\" \/>\n<meta name=\"twitter:card\" content=\"summary_large_image\" \/>\n<meta name=\"twitter:label1\" content=\"Szacowany czas czytania\" \/>\n\t<meta name=\"twitter:data1\" content=\"1 minuta\" \/>\n<script type=\"application\/ld+json\" class=\"yoast-schema-graph\">{\"@context\":\"https:\/\/schema.org\",\"@graph\":[{\"@type\":\"Organization\",\"@id\":\"http:\/\/kilentv.pl\/#organization\",\"name\":\"Kilen TV\",\"url\":\"http:\/\/kilentv.pl\/\",\"sameAs\":[],\"logo\":{\"@type\":\"ImageObject\",\"@id\":\"http:\/\/kilentv.pl\/#logo\",\"inLanguage\":\"pl-PL\",\"url\":\"http:\/\/kilen.tv\/wp-content\/uploads\/2019\/09\/LOGO_V2_JPG.jpg\",\"contentUrl\":\"http:\/\/kilen.tv\/wp-content\/uploads\/2019\/09\/LOGO_V2_JPG.jpg\",\"width\":5000,\"height\":3000,\"caption\":\"Kilen TV\"},\"image\":{\"@id\":\"http:\/\/kilentv.pl\/#logo\"}},{\"@type\":\"WebSite\",\"@id\":\"http:\/\/kilentv.pl\/#website\",\"url\":\"http:\/\/kilentv.pl\/\",\"name\":\"Kilen TV\",\"description\":\"Gwiazdy w nietypowych sytuacjach\",\"publisher\":{\"@id\":\"http:\/\/kilentv.pl\/#organization\"},\"potentialAction\":[{\"@type\":\"SearchAction\",\"target\":{\"@type\":\"EntryPoint\",\"urlTemplate\":\"http:\/\/kilentv.pl\/?s={search_term_string}\"},\"query-input\":\"required name=search_term_string\"}],\"inLanguage\":\"pl-PL\"},{\"@type\":\"WebPage\",\"@id\":\"https:\/\/kilentv.pl\/index.php\/kilen-show\/#webpage\",\"url\":\"https:\/\/kilentv.pl\/index.php\/kilen-show\/\",\"name\":\"Kilen Show - Kilen TV\",\"isPartOf\":{\"@id\":\"http:\/\/kilentv.pl\/#website\"},\"datePublished\":\"2019-10-24T07:02:52+00:00\",\"dateModified\":\"2021-04-15T13:47:39+00:00\",\"description\":\"Polskie gwiazdy w nietypowych sytuacjach. Wywiad i wyzwania, z kt\u00f3rymi musz\u0105 si\u0119 zmierzy\u0107 w Kilen TV. Urszula, Pawe\u0142 Stasiak, Andrzej Krzywy, Tomasz Knapik i inni.\",\"breadcrumb\":{\"@id\":\"https:\/\/kilentv.pl\/index.php\/kilen-show\/#breadcrumb\"},\"inLanguage\":\"pl-PL\",\"potentialAction\":[{\"@type\":\"ReadAction\",\"target\":[\"https:\/\/kilentv.pl\/index.php\/kilen-show\/\"]}]},{\"@type\":\"BreadcrumbList\",\"@id\":\"https:\/\/kilentv.pl\/index.php\/kilen-show\/#breadcrumb\",\"itemListElement\":[{\"@type\":\"ListItem\",\"position\":1,\"name\":\"Strona g\u0142\u00f3wna\",\"item\":\"http:\/\/kilentv.pl\/\"},{\"@type\":\"ListItem\",\"position\":2,\"name\":\"Kilen Show\"}]}]}<\/script>\n<!-- \/ Yoast SEO plugin. -->","yoast_head_json":{"title":"Kilen Show - Kilen TV","description":"Polskie gwiazdy w nietypowych sytuacjach. Wywiad i wyzwania, z kt\u00f3rymi musz\u0105 si\u0119 zmierzy\u0107 w Kilen TV. Urszula, Pawe\u0142 Stasiak, Andrzej Krzywy, Tomasz Knapik i inni.","robots":{"index":"index","follow":"follow","max-snippet":"max-snippet:-1","max-image-preview":"max-image-preview:large","max-video-preview":"max-video-preview:-1"},"canonical":"https:\/\/kilentv.pl\/index.php\/kilen-show\/","og_locale":"pl_PL","og_type":"article","og_title":"Kilen Show - Kilen TV","og_description":"Polskie gwiazdy w nietypowych sytuacjach. Wywiad i wyzwania, z kt\u00f3rymi musz\u0105 si\u0119 zmierzy\u0107 w Kilen TV. Urszula, Pawe\u0142 Stasiak, Andrzej Krzywy, Tomasz Knapik i inni.","og_url":"https:\/\/kilentv.pl\/index.php\/kilen-show\/","og_site_name":"Kilen TV","article_modified_time":"2021-04-15T13:47:39+00:00","twitter_card":"summary_large_image","twitter_misc":{"Szacowany czas czytania":"1 minuta"},"schema":{"@context":"https:\/\/schema.org","@graph":[{"@type":"Organization","@id":"http:\/\/kilentv.pl\/#organization","name":"Kilen TV","url":"http:\/\/kilentv.pl\/","sameAs":[],"logo":{"@type":"ImageObject","@id":"http:\/\/kilentv.pl\/#logo","inLanguage":"pl-PL","url":"http:\/\/kilen.tv\/wp-content\/uploads\/2019\/09\/LOGO_V2_JPG.jpg","contentUrl":"http:\/\/kilen.tv\/wp-content\/uploads\/2019\/09\/LOGO_V2_JPG.jpg","width":5000,"height":3000,"caption":"Kilen TV"},"image":{"@id":"http:\/\/kilentv.pl\/#logo"}},{"@type":"WebSite","@id":"http:\/\/kilentv.pl\/#website","url":"http:\/\/kilentv.pl\/","name":"Kilen TV","description":"Gwiazdy w nietypowych sytuacjach","publisher":{"@id":"http:\/\/kilentv.pl\/#organization"},"potentialAction":[{"@type":"SearchAction","target":{"@type":"EntryPoint","urlTemplate":"http:\/\/kilentv.pl\/?s={search_term_string}"},"query-input":"required name=search_term_string"}],"inLanguage":"pl-PL"},{"@type":"WebPage","@id":"https:\/\/kilentv.pl\/index.php\/kilen-show\/#webpage","url":"https:\/\/kilentv.pl\/index.php\/kilen-show\/","name":"Kilen Show - Kilen TV","isPartOf":{"@id":"http:\/\/kilentv.pl\/#website"},"datePublished":"2019-10-24T07:02:52+00:00","dateModified":"2021-04-15T13:47:39+00:00","description":"Polskie gwiazdy w nietypowych sytuacjach. Wywiad i wyzwania, z kt\u00f3rymi musz\u0105 si\u0119 zmierzy\u0107 w Kilen TV. Urszula, Pawe\u0142 Stasiak, Andrzej Krzywy, Tomasz Knapik i inni.","breadcrumb":{"@id":"https:\/\/kilentv.pl\/index.php\/kilen-show\/#breadcrumb"},"inLanguage":"pl-PL","potentialAction":[{"@type":"ReadAction","target":["https:\/\/kilentv.pl\/index.php\/kilen-show\/"]}]},{"@type":"BreadcrumbList","@id":"https:\/\/kilentv.pl\/index.php\/kilen-show\/#breadcrumb","itemListElement":[{"@type":"ListItem","position":1,"name":"Strona g\u0142\u00f3wna","item":"http:\/\/kilentv.pl\/"},{"@type":"ListItem","position":2,"name":"Kilen Show"}]}]}},"_links":{"self":[{"href":"https:\/\/kilentv.pl\/index.php\/wp-json\/wp\/v2\/pages\/18"}],"collection":[{"href":"https:\/\/kilentv.pl\/index.php\/wp-json\/wp\/v2\/pages"}],"about":[{"href":"https:\/\/kilentv.pl\/index.php\/wp-json\/wp\/v2\/types\/page"}],"author":[{"embeddable":true,"href":"https:\/\/kilentv.pl\/index.php\/wp-json\/wp\/v2\/users\/1"}],"replies":[{"embeddable":true,"href":"https:\/\/kilentv.pl\/index.php\/wp-json\/wp\/v2\/comments?post=18"}],"version-history":[{"count":17,"href":"https:\/\/kilentv.pl\/index.php\/wp-json\/wp\/v2\/pages\/18\/revisions"}],"predecessor-version":[{"id":302,"href":"https:\/\/kilentv.pl\/index.php\/wp-json\/wp\/v2\/pages\/18\/revisions\/302"}],"wp:attachment":[{"href":"https:\/\/kilentv.pl\/index.php\/wp-json\/wp\/v2\/media?parent=18"}],"curies":[{"name":"wp","href":"https:\/\/api.w.org\/{rel}","templated":true}]}}